{"id":36,"date":"2021-01-21T09:36:58","date_gmt":"2021-01-21T08:36:58","guid":{"rendered":"http:\/\/www.kesfeld.de\/?page_id=36"},"modified":"2021-01-21T09:37:00","modified_gmt":"2021-01-21T08:37:00","slug":"impressum","status":"publish","type":"page","link":"https:\/\/www.kesfeld.de\/?page_id=36","title":{"rendered":"Impressum"},"content":{"rendered":"\n<p>Ortsgemeinde Kesfeld<br>\u00fcber<br>Verbandsgemeindeverwaltung Arzfeld<br>Luxemburger Stra\u00dfe 6<br>54687 Arzfeld<br>Telefon: 06550 &#8211; 9740<br>E-Mail: <a href=\"mailto:info@kesfeld.de\">info(at)kesfeld.de<\/a><br>Internet: www.kesfeld.de<\/p>\n\n\n\n<p>Die Ortsgemeinde Kesfeld ist eine K\u00f6rperschaft des \u00f6ffentlichen Rechts. Sie wird vertreten durch den Ortsb\u00fcrgermeister.<\/p>\n\n\n\n<p>Haftungshinweis:<br>Trotz sorgf\u00e4ltiger inhaltlicher Kontrolle \u00fcbernehmen wir keine Haftung f\u00fcr die Inhalte externer Links. F\u00fcr den Inhalt der verlinkten Seiten sind ausschlie\u00dflich deren Betreiber verantwortlich!<\/p>\n\n\n\n<p>Autor:<br>Verbandsgemeindeverwaltung Arzfeld<br>E-Mail: <a href=\"mailto:webmaster@kesfeld.de\">webmaster(at)kesfeld.de<\/a><\/p>\n","protected":false},"excerpt":{"rendered":"<p>Ortsgemeinde Kesfeld\u00fcberVerbandsgemeindeverwaltung ArzfeldLuxemburger Stra\u00dfe 654687 ArzfeldTelefon: 06550 &#8211; 9740E-Mail: info(at)kesfeld.deInternet: www.kesfeld.de Die Ortsgemeinde Kesfeld ist eine K\u00f6rperschaft des \u00f6ffentlichen Rechts. Sie wird vertreten durch den Ortsb\u00fcrgermeister. Haftungshinweis:Trotz sorgf\u00e4ltiger inhaltlicher Kontrolle \u00fcbernehmen wir keine Haftung f\u00fcr die Inhalte externer Links. F\u00fcr<\/p>\n","protected":false},"author":1,"featured_media":0,"parent":0,"menu_order":0,"comment_status":"closed","ping_status":"closed","template":"","meta":{"footnotes":""},"class_list":["post-36","page","type-page","status-publish","hentry"],"_links":{"self":[{"href":"https:\/\/www.kesfeld.de\/index.php?rest_route=\/wp\/v2\/pages\/36","targetHints":{"allow":["GET"]}}],"collection":[{"href":"https:\/\/www.kesfeld.de\/index.php?rest_route=\/wp\/v2\/pages"}],"about":[{"href":"https:\/\/www.kesfeld.de\/index.php?rest_route=\/wp\/v2\/types\/page"}],"author":[{"embeddable":true,"href":"https:\/\/www.kesfeld.de\/index.php?rest_route=\/wp\/v2\/users\/1"}],"replies":[{"embeddable":true,"href":"https:\/\/www.kesfeld.de\/index.php?rest_route=%2Fwp%2Fv2%2Fcomments&post=36"}],"version-history":[{"count":1,"href":"https:\/\/www.kesfeld.de\/index.php?rest_route=\/wp\/v2\/pages\/36\/revisions"}],"predecessor-version":[{"id":37,"href":"https:\/\/www.kesfeld.de\/index.php?rest_route=\/wp\/v2\/pages\/36\/revisions\/37"}],"wp:attachment":[{"href":"https:\/\/www.kesfeld.de\/index.php?rest_route=%2Fwp%2Fv2%2Fmedia&parent=36"}],"curies":[{"name":"wp","href":"https:\/\/api.w.org\/{rel}","templated":true}]}}