{"id":8,"date":"2021-01-20T15:07:51","date_gmt":"2021-01-20T14:07:51","guid":{"rendered":"http:\/\/www.kesfeld.de\/?page_id=8"},"modified":"2024-08-19T11:46:42","modified_gmt":"2024-08-19T09:46:42","slug":"willkommen","status":"publish","type":"page","link":"https:\/\/www.kesfeld.de\/","title":{"rendered":"Willkommen!"},"content":{"rendered":"\n<p>Herzlich willkommen auf der Internetseite der Ortsgemeinde Kesfeld. Ich darf Sie zu einem virtuellen Bummel durch unseren sch\u00f6nen Eifelort einladen. Gerne w\u00fcrde ich Sie auch gelegentlich pers\u00f6nlich bei uns willkommen hei\u00dfen!<\/p>\n\n\n\n<p>Kerstin Zellinger<br>Ortsb\u00fcrgermeisterin<br><\/p>\n\n\n\n<p><\/p>\n","protected":false},"excerpt":{"rendered":"<p>Herzlich willkommen auf der Internetseite der Ortsgemeinde Kesfeld. Ich darf Sie zu einem virtuellen Bummel durch unseren sch\u00f6nen Eifelort einladen. Gerne w\u00fcrde ich Sie auch gelegentlich pers\u00f6nlich bei uns willkommen hei\u00dfen! Kerstin ZellingerOrtsb\u00fcrgermeisterin<\/p>\n","protected":false},"author":1,"featured_media":0,"parent":0,"menu_order":0,"comment_status":"closed","ping_status":"closed","template":"","meta":{"footnotes":""},"class_list":["post-8","page","type-page","status-publish","hentry"],"_links":{"self":[{"href":"https:\/\/www.kesfeld.de\/index.php?rest_route=\/wp\/v2\/pages\/8","targetHints":{"allow":["GET"]}}],"collection":[{"href":"https:\/\/www.kesfeld.de\/index.php?rest_route=\/wp\/v2\/pages"}],"about":[{"href":"https:\/\/www.kesfeld.de\/index.php?rest_route=\/wp\/v2\/types\/page"}],"author":[{"embeddable":true,"href":"https:\/\/www.kesfeld.de\/index.php?rest_route=\/wp\/v2\/users\/1"}],"replies":[{"embeddable":true,"href":"https:\/\/www.kesfeld.de\/index.php?rest_route=%2Fwp%2Fv2%2Fcomments&post=8"}],"version-history":[{"count":5,"href":"https:\/\/www.kesfeld.de\/index.php?rest_route=\/wp\/v2\/pages\/8\/revisions"}],"predecessor-version":[{"id":83,"href":"https:\/\/www.kesfeld.de\/index.php?rest_route=\/wp\/v2\/pages\/8\/revisions\/83"}],"wp:attachment":[{"href":"https:\/\/www.kesfeld.de\/index.php?rest_route=%2Fwp%2Fv2%2Fmedia&parent=8"}],"curies":[{"name":"wp","href":"https:\/\/api.w.org\/{rel}","templated":true}]}}